{"id":19973,"date":"2022-08-17T12:30:55","date_gmt":"2022-08-17T12:30:55","guid":{"rendered":"https:\/\/fluxmoto.co\/?page_id=19973"},"modified":"2022-08-17T12:40:06","modified_gmt":"2022-08-17T12:40:06","slug":"euro-support","status":"publish","type":"page","link":"https:\/\/fluxmoto.co\/fr\/euro-support\/","title":{"rendered":"Euro support"},"content":{"rendered":"<div data-elementor-type=\"wp-page\" data-elementor-id=\"19973\" class=\"elementor elementor-19973\" data-elementor-post-type=\"page\">\n\t\t\t\t\t\t<section class=\"elementor-section elementor-top-section elementor-element elementor-element-edb7fd9 elementor-section-height-min-height elementor-section-boxed elementor-section-height-default elementor-section-items-middle\" data-id=\"edb7fd9\" data-element_type=\"section\" data-settings=\"{&quot;background_background&quot;:&quot;classic&quot;}\">\n\t\t\t\t\t\t<div class=\"elementor-container elementor-column-gap-default\">\n\t\t\t\t\t<div class=\"elementor-column elementor-col-50 elementor-top-column elementor-element elementor-element-6d2f8f32\" data-id=\"6d2f8f32\" data-element_type=\"column\">\n\t\t\t<div class=\"elementor-widget-wrap elementor-element-populated\">\n\t\t\t\t\t\t<div class=\"elementor-element elementor-element-285be86 elementor-widget elementor-widget-text-editor\" data-id=\"285be86\" data-element_type=\"widget\" data-widget_type=\"text-editor.default\">\n\t\t\t\t<div class=\"elementor-widget-container\">\n\t\t\t\t\t\t\t\t\t<h1>Projekt FLUX PRIMO: Prvi visoko zmogljivi elektri\u010dni terenski motocikel s snemljivo baterijo in \u0161irokimi pametnimi funkcijami je prejel sofinanciranje Evropske unije<\/h1><p>\u00a0<\/p><p>Flux Primo je prvi visoko zmogljivi elektri\u010dni terenski motocikel s snemljivo baterijo in \u0161irokimi pametnimi funkcijami. Glavne lastnosti na\u0161e re\u0161itve so izjemna zmogljivost: najve\u010dji domet na tr\u017ei\u0161\u010du, prvi s snemljivo baterijo, odli\u010dne vozne lastnosti in digitalna personalizacija preko pametnega telefona.<\/p><p>\u00a0<\/p><p>Finan\u010dna podpora: 54.000 EUR<\/p><p>Nalo\u017ebo sofinancirata\u00a0Republika Slovenija in Evropska unija iz Evropskega sklada za regionalni razvoj.\u00a0<\/p><p>Cilj nalo\u017ebe je\u00a0razviti dokon\u010dno re\u0161itev ter jo uspe\u0161no komercializirati.<\/p><p>Ve\u010d informacij o kohezijski politiki v Sloveniji:\u00a0<a href=\"http:\/\/www.eu-skladi.si\/\" rel=\"nofollow noopener\" target=\"_blank\">www.eu-skladi.si<\/a>.<\/p>\t\t\t\t\t\t\t\t<\/div>\n\t\t\t\t<\/div>\n\t\t\t\t\t<\/div>\n\t\t<\/div>\n\t\t\t\t<div class=\"elementor-column elementor-col-50 elementor-top-column elementor-element elementor-element-a4ac394\" data-id=\"a4ac394\" data-element_type=\"column\">\n\t\t\t<div class=\"elementor-widget-wrap elementor-element-populated\">\n\t\t\t\t\t\t<div class=\"elementor-element elementor-element-bc4ff2a elementor-widget elementor-widget-text-editor\" data-id=\"bc4ff2a\" data-element_type=\"widget\" data-widget_type=\"text-editor.default\">\n\t\t\t\t<div class=\"elementor-widget-container\">\n\t\t\t\t\t\t\t\t\t<h1>Project FLUX PRIMO received European Union funding as the first high performance electric off-road motorcycle with a swappable battery and smart functions<\/h1><p>\u00a0<\/p><p>Flux Primo is the first high performance electric motorcycle with a swappable battery and wide smart functions. The main attributes of the solution are: biggest range on market, first with a quickly swappable battery on market, top tier handling and digital personalization of ride characteristics.<\/p><p>Financial support: 54.000 EUR<\/p><p>The funding is co-financed by the Republic of Slovenija and the European Union, from the European fund for regional development.<\/p><p>The aim of funding is to fully develop the solution and successfully market it.<\/p><p>More information on cohesion policies in Slovenija:\u00a0<a href=\"http:\/\/www.eu-skladi.si\/\" rel=\"nofollow noopener\" target=\"_blank\">www.eu-skladi.si<\/a>.<\/p>\t\t\t\t\t\t\t\t<\/div>\n\t\t\t\t<\/div>\n\t\t\t\t\t<\/div>\n\t\t<\/div>\n\t\t\t\t\t<\/div>\n\t\t<\/section>\n\t\t\t\t<\/div>","protected":false},"excerpt":{"rendered":"<p>Projekt FLUX PRIMO: Prvi visoko zmogljivi elektri\u010dni terenski motocikel s snemljivo baterijo in \u0161irokimi pametnimi funkcijami je prejel sofinanciranje Evropske unije \u00a0 Flux Primo je prvi visoko zmogljivi elektri\u010dni terenski motocikel s snemljivo baterijo in \u0161irokimi pametnimi funkcijami. Glavne lastnosti na\u0161e re\u0161itve so izjemna zmogljivost: najve\u010dji domet na tr\u017ei\u0161\u010du, prvi s snemljivo baterijo, odli\u010dne vozne &hellip; <\/p>\n<p class=\"link-more\"><a href=\"https:\/\/fluxmoto.co\/fr\/euro-support\/\" class=\"more-link\">Continuer la lecture<span class=\"screen-reader-text\"> de &laquo;&nbsp;Euro support&nbsp;&raquo;<\/span><\/a><\/p>","protected":false},"author":1,"featured_media":0,"parent":0,"menu_order":0,"comment_status":"closed","ping_status":"closed","template":"elementor_header_footer","meta":{"footnotes":""},"class_list":["post-19973","page","type-page","status-publish","hentry"],"_links":{"self":[{"href":"https:\/\/fluxmoto.co\/fr\/wp-json\/wp\/v2\/pages\/19973","targetHints":{"allow":["GET"]}}],"collection":[{"href":"https:\/\/fluxmoto.co\/fr\/wp-json\/wp\/v2\/pages"}],"about":[{"href":"https:\/\/fluxmoto.co\/fr\/wp-json\/wp\/v2\/types\/page"}],"author":[{"embeddable":true,"href":"https:\/\/fluxmoto.co\/fr\/wp-json\/wp\/v2\/users\/1"}],"replies":[{"embeddable":true,"href":"https:\/\/fluxmoto.co\/fr\/wp-json\/wp\/v2\/comments?post=19973"}],"version-history":[{"count":28,"href":"https:\/\/fluxmoto.co\/fr\/wp-json\/wp\/v2\/pages\/19973\/revisions"}],"predecessor-version":[{"id":20004,"href":"https:\/\/fluxmoto.co\/fr\/wp-json\/wp\/v2\/pages\/19973\/revisions\/20004"}],"wp:attachment":[{"href":"https:\/\/fluxmoto.co\/fr\/wp-json\/wp\/v2\/media?parent=19973"}],"curies":[{"name":"wp","href":"https:\/\/api.w.org\/{rel}","templated":true}]}}